{"id":9,"date":"2019-07-14T19:06:02","date_gmt":"2019-07-14T17:06:02","guid":{"rendered":"http:\/\/orcilly.fr\/?page_id=9"},"modified":"2019-09-08T17:03:05","modified_gmt":"2019-09-08T15:03:05","slug":"accueil","status":"publish","type":"page","link":"https:\/\/orcilly.fr\/","title":{"rendered":"Accueil"},"content":{"rendered":"<p>Nous sommes fiers de vous offrir le fruit de notre travail\u00a0: la combinaison unique de g\u00e9n\u00e9tiques s\u00e9lectionn\u00e9es et de crus d\u2019herbes exceptionnels.<\/p>\n<p>Des hommes, des animaux et une terre pour une exp\u00e9rience gastronomique, destin\u00e9e aux plus fins connaisseurs.<\/p>\n","protected":false},"excerpt":{"rendered":"<p>Nous sommes fiers de vous offrir le fruit de notre travail\u00a0: la combinaison unique de g\u00e9n\u00e9tiques s\u00e9lectionn\u00e9es et de crus d\u2019herbes exceptionnels. Des hommes, des animaux et une terre pour une exp\u00e9rience gastronomique, destin\u00e9e aux plus fins connaisseurs.<\/p>\n","protected":false},"author":1,"featured_media":0,"parent":0,"menu_order":0,"comment_status":"closed","ping_status":"closed","template":"","meta":[],"_links":{"self":[{"href":"https:\/\/orcilly.fr\/index.php\/wp-json\/wp\/v2\/pages\/9"}],"collection":[{"href":"https:\/\/orcilly.fr\/index.php\/wp-json\/wp\/v2\/pages"}],"about":[{"href":"https:\/\/orcilly.fr\/index.php\/wp-json\/wp\/v2\/types\/page"}],"author":[{"embeddable":true,"href":"https:\/\/orcilly.fr\/index.php\/wp-json\/wp\/v2\/users\/1"}],"replies":[{"embeddable":true,"href":"https:\/\/orcilly.fr\/index.php\/wp-json\/wp\/v2\/comments?post=9"}],"version-history":[{"count":4,"href":"https:\/\/orcilly.fr\/index.php\/wp-json\/wp\/v2\/pages\/9\/revisions"}],"predecessor-version":[{"id":180,"href":"https:\/\/orcilly.fr\/index.php\/wp-json\/wp\/v2\/pages\/9\/revisions\/180"}],"wp:attachment":[{"href":"https:\/\/orcilly.fr\/index.php\/wp-json\/wp\/v2\/media?parent=9"}],"curies":[{"name":"wp","href":"https:\/\/api.w.org\/{rel}","templated":true}]}}