{"id":61,"date":"2019-07-14T19:42:35","date_gmt":"2019-07-14T17:42:35","guid":{"rendered":"http:\/\/orcilly.fr\/?page_id=61"},"modified":"2021-04-05T18:50:09","modified_gmt":"2021-04-05T16:50:09","slug":"nos-garanties","status":"publish","type":"page","link":"https:\/\/orcilly.fr\/index.php\/nos-garanties\/","title":{"rendered":"Nos garanties"},"content":{"rendered":"\n<p><strong>Z\u00c9RO GLYPHOSATE<\/strong>, v\u00e9rifi\u00e9 sur les animaux <em>via<\/em> un test r\u00e9alis\u00e9 sur les urines par un laboratoire ind\u00e9pendant.<\/p>\n\n\n\n<p>Un <strong>produit sain 100&nbsp;% herbe fra\u00eeche issu d\u2019une agriculture raisonn\u00e9e et respectueuse de la nature :<\/strong><\/p>\n\n\n\n<ul><li>pas d\u2019OGM (organisme g\u00e9n\u00e9tiquement modifi\u00e9) ; <\/li><li>pas de pesticides ;<\/li><li>pas d\u2019engrais chimiques ;<\/li><li>pas de manipulations g\u00e9n\u00e9tiques ;<\/li><li>pas de dopage (anabolisants, hormones et autres produits stimulants) ;<\/li><li>pas de compl\u00e9ments alimentaires (tourteaux, c\u00e9r\u00e9ales, paille, etc.).<\/li><\/ul>\n\n\n\n<p><strong>Nos actions vont globalement bien au-del\u00e0 des exigences des cahiers des charges classiques, tant des labels que de l&rsquo;agriculture biologique.<\/strong><\/p>\n\n\n\n<!--more-->\n\n\n\n<p>Notre positionnement est clair : en allant au-del\u00e0 des prescriptions des labels et du bio, tout en restant solidement enracin\u00e9 dans notre histoire et notre terroir, notre produit est rare et se situe assur\u00e9ment dans le secteur du haut de gamme.<\/p>\n\n\n\n<figure class=\"wp-block-image size-large\"><img loading=\"lazy\" width=\"1000\" height=\"750\" src=\"http:\/\/orcilly.fr\/wp-content\/uploads\/2020\/02\/mod\u00e8les-agricoles-Valiorgue-et-Hollandts-1.jpg\" alt=\"\" class=\"wp-image-327\" srcset=\"https:\/\/orcilly.fr\/wp-content\/uploads\/2020\/02\/mod\u00e8les-agricoles-Valiorgue-et-Hollandts-1.jpg 1000w, https:\/\/orcilly.fr\/wp-content\/uploads\/2020\/02\/mod\u00e8les-agricoles-Valiorgue-et-Hollandts-1-300x225.jpg 300w, https:\/\/orcilly.fr\/wp-content\/uploads\/2020\/02\/mod\u00e8les-agricoles-Valiorgue-et-Hollandts-1-768x576.jpg 768w\" sizes=\"(max-width: 706px) 89vw, (max-width: 767px) 82vw, 740px\" \/><figcaption> Les  huit grands positionnements possibles en mati\u00e8re de mod\u00e8le  \u00e9conomique pour exploitation agricole (Valiorgue et Holllandts, \u00ab\u00a0Mod\u00e8les  \u00e9conomiques de l\u2019agriculture fran\u00e7aise\u00a0\u00bb, The Conservation, 2017) <\/figcaption><\/figure>\n\n\n\n<p>Pour cela, nous prenons soin de nos animaux en <strong>respectant les cycles de la nature<\/strong>, en pr\u00e9servant les haies, en entretenant la ressource en eau, etc. De plus, nous adaptons le nombre d\u2019animaux aux possibilit\u00e9s de chaque parcelle sans jamais la surcharger.<\/p>\n\n\n\n<figure class=\"wp-block-image\"><img loading=\"lazy\" width=\"1024\" height=\"768\" src=\"http:\/\/orcilly.fr\/wp-content\/uploads\/2020\/02\/plantation-darbres-1024x768.jpg\" alt=\"\" class=\"wp-image-249\" srcset=\"https:\/\/orcilly.fr\/wp-content\/uploads\/2020\/02\/plantation-darbres-1024x768.jpg 1024w, https:\/\/orcilly.fr\/wp-content\/uploads\/2020\/02\/plantation-darbres-300x225.jpg 300w, https:\/\/orcilly.fr\/wp-content\/uploads\/2020\/02\/plantation-darbres-768x576.jpg 768w\" sizes=\"(max-width: 706px) 89vw, (max-width: 767px) 82vw, 740px\" \/><figcaption>Domaine d&rsquo;Orcilly &#8211; plantation d&rsquo;arbres dans les haies (Source : B. et C. Dumont)<\/figcaption><\/figure>\n\n\n\n<p>Nous prenons soin de notre terre<strong> <\/strong>en pratiquant une agriculture extensive. En effet, nous laissons<strong> les prairies se reposer l\u2019hiver<\/strong> afin notamment d\u2019\u00e9viter le pi\u00e9tinement durant la p\u00e9riode humide. En parall\u00e8le, nous activons nos syst\u00e8mes traditionnels d\u2019irrigation, dans cette p\u00e9riode o\u00f9 l\u2019eau ne manque pas, pour aider les nappes phr\u00e9atiques \u00e0 se recharger, apporter un engrais naturel (du limon fertile) et prot\u00e9ger le couvert v\u00e9g\u00e9tal des gel\u00e9es. <\/p>\n\n\n\n<figure class=\"wp-block-image\"><img loading=\"lazy\" width=\"1024\" height=\"768\" src=\"http:\/\/orcilly.fr\/wp-content\/uploads\/2020\/02\/P1050209-1024x768.jpg\" alt=\"\" class=\"wp-image-247\" srcset=\"https:\/\/orcilly.fr\/wp-content\/uploads\/2020\/02\/P1050209-1024x768.jpg 1024w, https:\/\/orcilly.fr\/wp-content\/uploads\/2020\/02\/P1050209-300x225.jpg 300w, https:\/\/orcilly.fr\/wp-content\/uploads\/2020\/02\/P1050209-768x576.jpg 768w\" sizes=\"(max-width: 706px) 89vw, (max-width: 767px) 82vw, 740px\" \/><figcaption>Domaine d&rsquo;Orcilly &#8211; syst\u00e8me d&rsquo;irrigation traditionnel en fonction. L&rsquo;entretien raisonn\u00e9 des haies permet de conserver de nombreuses baies pour les oiseaux  (Source : B. et C. Dumont)  <\/figcaption><\/figure>\n\n\n\n<p><strong>Avec nos pratiques extensives et \u00e9conomes, la pression humaine sur l&rsquo;environnement est donc moins importante, voire positive,<\/strong> et la biodiversit\u00e9 peut conserver sa place. Nous perp\u00e9tuons ces pratiques durables depuis des si\u00e8cles et <strong>nos terres sont rest\u00e9es saines, non pollu\u00e9es.<\/strong><\/p>\n\n\n\n<figure class=\"wp-block-image\"><img loading=\"lazy\" width=\"1024\" height=\"768\" src=\"http:\/\/orcilly.fr\/wp-content\/uploads\/2020\/02\/nenuphar-1024x768.jpg\" alt=\"\" class=\"wp-image-244\" srcset=\"https:\/\/orcilly.fr\/wp-content\/uploads\/2020\/02\/nenuphar-1024x768.jpg 1024w, https:\/\/orcilly.fr\/wp-content\/uploads\/2020\/02\/nenuphar-300x225.jpg 300w, https:\/\/orcilly.fr\/wp-content\/uploads\/2020\/02\/nenuphar-768x576.jpg 768w\" sizes=\"(max-width: 706px) 89vw, (max-width: 767px) 82vw, 740px\" \/><figcaption>N\u00e9nuphar en fleur &#8211; un symbole de la bonne qualit\u00e9 chimique de l&rsquo;eau de la rivi\u00e8re. (Source : J.-M. Dumont)<\/figcaption><\/figure>\n\n\n\n<p>Notre syst\u00e8me de production, associant prairies permanentes et techniques respectueuses de l\u2019environnement, constitue d\u2019ores et d\u00e9j\u00e0, et conform\u00e9ment aux attentes actuelles, une v\u00e9ritable \u00ab\u00a0<strong>pompe \u00e0 carbone<\/strong>\u00a0\u00bb (ou comme le disent les sp\u00e9cialistes : un \u00ab\u00a0puits de carbone\u00a0\u00bb).<\/p>\n\n\n\n<p class=\"has-text-align-center\">BONUS SANT\u00c9<\/p>\n\n\n\n<p>Les \u00e9tudes scientifiques ont montr\u00e9 que l\u2019alimentation uniquement \u00e0 l\u2019herbe des animaux apporte \u00e0 la viande un <strong>taux d\u2019om\u00e9ga 3 bien sup\u00e9rieur aux autres types de production.<\/strong><\/p>\n","protected":false},"excerpt":{"rendered":"<p>Z\u00c9RO GLYPHOSATE, v\u00e9rifi\u00e9 sur les animaux via un test r\u00e9alis\u00e9 sur les urines par un laboratoire ind\u00e9pendant. Un produit sain 100&nbsp;% herbe fra\u00eeche issu d\u2019une agriculture raisonn\u00e9e et respectueuse de la nature : pas d\u2019OGM (organisme g\u00e9n\u00e9tiquement modifi\u00e9) ; pas de pesticides ; pas d\u2019engrais chimiques ; pas de manipulations g\u00e9n\u00e9tiques ; pas de dopage &hellip; <\/p>\n<p class=\"link-more\"><a href=\"https:\/\/orcilly.fr\/index.php\/nos-garanties\/\" class=\"more-link\">Continuer la lecture<span class=\"screen-reader-text\"> de &laquo;&nbsp;Nos garanties&nbsp;&raquo;<\/span><\/a><\/p>\n","protected":false},"author":1,"featured_media":54,"parent":0,"menu_order":0,"comment_status":"closed","ping_status":"closed","template":"","meta":[],"_links":{"self":[{"href":"https:\/\/orcilly.fr\/index.php\/wp-json\/wp\/v2\/pages\/61"}],"collection":[{"href":"https:\/\/orcilly.fr\/index.php\/wp-json\/wp\/v2\/pages"}],"about":[{"href":"https:\/\/orcilly.fr\/index.php\/wp-json\/wp\/v2\/types\/page"}],"author":[{"embeddable":true,"href":"https:\/\/orcilly.fr\/index.php\/wp-json\/wp\/v2\/users\/1"}],"replies":[{"embeddable":true,"href":"https:\/\/orcilly.fr\/index.php\/wp-json\/wp\/v2\/comments?post=61"}],"version-history":[{"count":34,"href":"https:\/\/orcilly.fr\/index.php\/wp-json\/wp\/v2\/pages\/61\/revisions"}],"predecessor-version":[{"id":385,"href":"https:\/\/orcilly.fr\/index.php\/wp-json\/wp\/v2\/pages\/61\/revisions\/385"}],"wp:featuredmedia":[{"embeddable":true,"href":"https:\/\/orcilly.fr\/index.php\/wp-json\/wp\/v2\/media\/54"}],"wp:attachment":[{"href":"https:\/\/orcilly.fr\/index.php\/wp-json\/wp\/v2\/media?parent=61"}],"curies":[{"name":"wp","href":"https:\/\/api.w.org\/{rel}","templated":true}]}}