{"id":133,"date":"2019-07-14T22:16:29","date_gmt":"2019-07-14T20:16:29","guid":{"rendered":"http:\/\/orcilly.fr\/?page_id=133"},"modified":"2021-04-05T18:37:45","modified_gmt":"2021-04-05T16:37:45","slug":"mentions-legales","status":"publish","type":"page","link":"https:\/\/orcilly.fr\/index.php\/mentions-legales\/","title":{"rendered":"Mentions l\u00e9gales"},"content":{"rendered":"\n<p>DOMAINE D&rsquo;ORCILLY<\/p>\n\n\n\n<p>Entreprise individuelle<\/p>\n\n\n\n<p>Exploitante : DUMONT Catherine<\/p>\n\n\n\n<p>Si\u00e8ge : 41 route du vieux Orcilly 71120 Lugny-l\u00e8s-Charolles<\/p>\n\n\n\n<p>N\u00b0 de SIRET : 322 072 885 00021<\/p>\n\n\n\n<p>Activit\u00e9 Principale Exerc\u00e9e (APE) : \u00c9levage d&rsquo;autres bovins et de buffles<\/p>\n\n\n\n<p><\/p>\n\n\n\n<p>Directeur de la publication : DUMONT Jean-Marie<\/p>\n\n\n\n<p><\/p>\n\n\n\n<p>H\u00e9bergeur du site : OVH<\/p>\n\n\n\n<p><\/p>\n\n\n\n<p>Cr\u00e9dit photo : B., C. et J.-M. DUMONT<\/p>\n","protected":false},"excerpt":{"rendered":"<p>DOMAINE D&rsquo;ORCILLY Entreprise individuelle Exploitante : DUMONT Catherine Si\u00e8ge : 41 route du vieux Orcilly 71120 Lugny-l\u00e8s-Charolles N\u00b0 de SIRET : 322 072 885 00021 Activit\u00e9 Principale Exerc\u00e9e (APE) : \u00c9levage d&rsquo;autres bovins et de buffles Directeur de la publication : DUMONT Jean-Marie H\u00e9bergeur du site : OVH Cr\u00e9dit photo : B., C. et J.-M. &hellip; <\/p>\n<p class=\"link-more\"><a href=\"https:\/\/orcilly.fr\/index.php\/mentions-legales\/\" class=\"more-link\">Continuer la lecture<span class=\"screen-reader-text\"> de &laquo;&nbsp;Mentions l\u00e9gales&nbsp;&raquo;<\/span><\/a><\/p>\n","protected":false},"author":1,"featured_media":0,"parent":0,"menu_order":0,"comment_status":"closed","ping_status":"closed","template":"","meta":[],"_links":{"self":[{"href":"https:\/\/orcilly.fr\/index.php\/wp-json\/wp\/v2\/pages\/133"}],"collection":[{"href":"https:\/\/orcilly.fr\/index.php\/wp-json\/wp\/v2\/pages"}],"about":[{"href":"https:\/\/orcilly.fr\/index.php\/wp-json\/wp\/v2\/types\/page"}],"author":[{"embeddable":true,"href":"https:\/\/orcilly.fr\/index.php\/wp-json\/wp\/v2\/users\/1"}],"replies":[{"embeddable":true,"href":"https:\/\/orcilly.fr\/index.php\/wp-json\/wp\/v2\/comments?post=133"}],"version-history":[{"count":4,"href":"https:\/\/orcilly.fr\/index.php\/wp-json\/wp\/v2\/pages\/133\/revisions"}],"predecessor-version":[{"id":383,"href":"https:\/\/orcilly.fr\/index.php\/wp-json\/wp\/v2\/pages\/133\/revisions\/383"}],"wp:attachment":[{"href":"https:\/\/orcilly.fr\/index.php\/wp-json\/wp\/v2\/media?parent=133"}],"curies":[{"name":"wp","href":"https:\/\/api.w.org\/{rel}","templated":true}]}}