{"id":11,"date":"2019-07-14T19:06:02","date_gmt":"2019-07-14T17:06:02","guid":{"rendered":"http:\/\/orcilly.fr\/?page_id=11"},"modified":"2022-10-23T14:50:47","modified_gmt":"2022-10-23T12:50:47","slug":"contact","status":"publish","type":"page","link":"https:\/\/orcilly.fr\/index.php\/contact\/","title":{"rendered":"Contact"},"content":{"rendered":"<p>Si vous passez par la Sa\u00f4ne-et-Loire, rendez-nous visite. Et n&rsquo;h\u00e9sitez pas \u00e0 nous passer un petit coup de fil avant de venir !<\/p>\n<p><iframe loading=\"lazy\" style=\"border: 0;\" src=\"https:\/\/www.google.com\/maps\/embed?pb=!1m18!1m12!1m3!1d7782.415604367269!2d4.18759717449314!3d46.39915256346801!2m3!1f0!2f0!3f0!3m2!1i1024!2i768!4f13.1!3m3!1m2!1s0x47f3e97f6f1c97b5%3A0xf8772be83f4cb577!2sDumont+Bernard!5e0!3m2!1sfr!2sfr!4v1563132529679!5m2!1sfr!2sfr\" width=\"600\" height=\"450\" frameborder=\"0\" allowfullscreen=\"allowfullscreen\"><\/iframe><\/p>\n<p>Pour une visite plus globale de la vall\u00e9e, vous vous recommandons le site du pays Charolais-Brionnais \u00a0: <a href=\"http:\/\/www.tourismecharolaisbrionnais.fr\/\">http:\/\/www.tourismecharolaisbrionnais.fr\/<\/a><\/p>\n","protected":false},"excerpt":{"rendered":"<p>Si vous passez par la Sa\u00f4ne-et-Loire, rendez-nous visite. Et n&rsquo;h\u00e9sitez pas \u00e0 nous passer un petit coup de fil avant de venir ! Pour une visite plus globale de la vall\u00e9e, vous vous recommandons le site du pays Charolais-Brionnais \u00a0: http:\/\/www.tourismecharolaisbrionnais.fr\/<\/p>\n","protected":false},"author":1,"featured_media":50,"parent":0,"menu_order":0,"comment_status":"closed","ping_status":"closed","template":"","meta":[],"_links":{"self":[{"href":"https:\/\/orcilly.fr\/index.php\/wp-json\/wp\/v2\/pages\/11"}],"collection":[{"href":"https:\/\/orcilly.fr\/index.php\/wp-json\/wp\/v2\/pages"}],"about":[{"href":"https:\/\/orcilly.fr\/index.php\/wp-json\/wp\/v2\/types\/page"}],"author":[{"embeddable":true,"href":"https:\/\/orcilly.fr\/index.php\/wp-json\/wp\/v2\/users\/1"}],"replies":[{"embeddable":true,"href":"https:\/\/orcilly.fr\/index.php\/wp-json\/wp\/v2\/comments?post=11"}],"version-history":[{"count":15,"href":"https:\/\/orcilly.fr\/index.php\/wp-json\/wp\/v2\/pages\/11\/revisions"}],"predecessor-version":[{"id":391,"href":"https:\/\/orcilly.fr\/index.php\/wp-json\/wp\/v2\/pages\/11\/revisions\/391"}],"wp:featuredmedia":[{"embeddable":true,"href":"https:\/\/orcilly.fr\/index.php\/wp-json\/wp\/v2\/media\/50"}],"wp:attachment":[{"href":"https:\/\/orcilly.fr\/index.php\/wp-json\/wp\/v2\/media?parent=11"}],"curies":[{"name":"wp","href":"https:\/\/api.w.org\/{rel}","templated":true}]}}